
    
            
            {"id":352,"date":"2019-03-12T11:22:53","date_gmt":"2019-03-12T11:22:53","guid":{"rendered":"https:\/\/www.projetodigital.pt\/saas\/business-intelligence\/?page_id=352"},"modified":"2019-07-13T14:27:41","modified_gmt":"2019-07-13T14:27:41","slug":"home","status":"publish","type":"page","link":"https:\/\/demo.projetodigital.pt\/biz\/","title":{"rendered":"Home"},"content":{"rendered":"&nbsp;\r\n<div class=\"container\"><section id=\"features\" class=\"my-5 mt-5\">\r\n<h2 class=\"h1 text-center pt-5\" style=\"color: #216180;\">FUNCIONALIDADES<\/h2>\r\n<h3 class=\" text-center font-weight-normal my-5\" style=\"line-height: 1.5em; color: #4f4f4f;\">Consulta e reporting de informa\u00e7\u00e3o num s\u00f3 lugar! Visualize as tend\u00eancias de desempenho, monitorize o progresso dos seus objetivos e KPI\u00b4s, tome decis\u00f5es mais assertivas, colabore, partilhe e fa\u00e7a relat\u00f3rios a qualquer momento.<\/h3>\r\n<div class=\"clearfix\"><\/div>\r\n<div class=\"card-deck mt-5\">\r\n<div class=\"card\">\r\n<div class=\"card-body text-center\">\r\n<h5 class=\"card-title font-weight-bold\" style=\"color: #216180;\"><i class=\"fas fa-database blue-text d-block fa-2x mr-2 mb-3\"><\/i> CONSULTA<\/h5>\r\n<p class=\"card-text\">Recolha de informa\u00e7\u00e3o de v\u00e1rias fontes de dados<\/p>\r\n\r\n<\/div>\r\n<\/div>\r\n<div class=\"card\">\r\n<div class=\"card-body text-center\">\r\n<h5 class=\"card-title font-weight-bold\" style=\"color: #216180;\"><i class=\"fas fa-cogs blue-text d-block fa-2x mr-2 mb-3\"><\/i> ORGANIZA\u00c7\u00c3O<\/h5>\r\n<p class=\"card-text\">Tratamento e organiza\u00e7\u00e3o de dados para an\u00e1lise<\/p>\r\n\r\n<\/div>\r\n<\/div>\r\n<div class=\"card\">\r\n<div class=\"card-body text-center\">\r\n<h5 class=\"card-title font-weight-bold\" style=\"color: #216180;\"><i class=\"fas fa-chart-bar blue-text d-block fa-2x mr-2 mb-3\"><\/i> AN\u00c1LISE<\/h5>\r\n<p class=\"card-text\">Visualiza\u00e7\u00f5es gr\u00e1ficas 360 do neg\u00f3cio em tempo real<\/p>\r\n\r\n<\/div>\r\n<\/div>\r\n<\/div>\r\n<\/section><!-- Section: BIZ Features -->\r\n\r\n<hr \/>\r\n\r\n<!--Section: BIZ Main Features-->\r\n\r\n<section class=\"py-5\"><!--\r\n<h3 class=\"h3 text-center mb-5\">O BIZ<\/h3>\r\n-->\r\n<!--Grid row-->\r\n<div class=\"row wow fadeIn\">\r\n\r\n<!--Grid column-->\r\n<div class=\"col-md-6 mb-4\">\r\n\r\n<!-- Main heading -->\r\n<h3 class=\"h3 mb-3\" style=\"color: #216180;\">FLEX\u00cdVEL &#038; PERSONALIZ\u00c1VEL<\/h3>\r\n<h4 class=\"mb-4\" style=\"line-height: 1.5em; color: #4f4f4f;\"><strong>O BIZ &#8211; Reporting &#038; Business Intelligence \u00e9 uma plataforma flex\u00edvel e f\u00e1cil de utilizar! Projetada para ajuda-lo a tomar decis\u00f5es informadas com base na an\u00e1lise e interpreta\u00e7\u00e3o da informa\u00e7\u00e3o, desempenho e implementar os ajustes necess\u00e1rios.\r\nConhe\u00e7a as funcionalidades do BIZ.<\/strong><\/h4>\r\n<a class=\"btn btn-info\" href=\"https:\/\/demo.projetodigital.pt\/biz\/biz-demo\/\">SOLICITAR DEMONSTRA\u00c7\u00c3O<\/a>\r\n\r\n<\/div>\r\n<!--Grid column-->\r\n\r\n<!--Grid column-->\r\n<div class=\"col-md-6 mb-4\">\r\n\r\n<!--Card-->\r\n<div class=\"card\">\r\n\r\n<!--Card image-->\r\n<div class=\"view overlay\">\r\n\r\n<img class=\"z-depth-0 img-fluid\" src=\"https:\/\/demo.projetodigital.pt\/biz\/wp-content\/uploads\/2019\/03\/cropped-Screen-Shot-2019-03-03-at-19.23.11.png\" alt=\"BIZ - Reporting &#038; Business Intelligence | Datastudio Report\" \/>\r\n<div class=\"mask rgba-white-slight\"><\/div>\r\n<\/div>\r\n<\/div>\r\n<!--\/.Card-->\r\n\r\n<\/div>\r\n<!--Grid column-->\r\n\r\n<\/div>\r\n<!--\/Grid row-->\r\n\r\n<\/section>\r\n\r\n<hr \/>\r\n\r\n<!--Section Features-->\r\n\r\n<section class=\"py-5\"><!--Grid row-->\r\n<div class=\"row wow fadeIn\">\r\n\r\n<!--Grid column-->\r\n<div class=\"col-md-6 mb-4\">\r\n\r\n<!-- Main heading -->\r\n<h3 class=\"h3 mb-3\" style=\"color: #216180;\">SIMPLIFICAR E INOVAR!<\/h3>\r\n<h4 style=\"line-height: 1.5em; color: #4f4f4f;\"><strong>Cansado de fazer login em v\u00e1rias plataformas para verificar o desempenho da sua empresa?<\/strong><\/h4>\r\n<h4 style=\"line-height: 1.5em; color: #4f4f4f;\"><strong> Misture e combine dimens\u00f5es e m\u00e9tricas de diferentes fontes num s\u00f3 Dashboard e obtenha uma vis\u00e3o global da sua empresa em tempo real.<\/strong><\/h4>\r\n<!-- Main heading -->\r\n<div class=\"my-5\"><\/div>\r\n<!--\r\n<a class=\"btn btn-primary waves-effect\" href=\"https:\/\/demo.projetodigital.pt\/biz\/youtube-supercharged-channel-report\/\" rel=\"noopener noreferrer\">LER MAIS<\/a>-->\r\n\r\n<\/div>\r\n<!--Grid column-->\r\n\r\n<!--Grid column-->\r\n<div class=\"col-md-6 mb-4\">\r\n\r\n<!--Card-->\r\n<div class=\"card\">\r\n\r\n<!--Card image-->\r\n<div class=\"view overlay\">\r\n\r\n<img class=\"z-depth-0 img-fluid\" src=\"https:\/\/demo.projetodigital.pt\/biz\/wp-content\/uploads\/2019\/03\/Screen-Shot-2019-03-03-at-19.17.33.png\" alt=\"BIZ - Reporting &#038; Business Intelligence\" \/>\r\n<div class=\"mask rgba-white-slight\"><\/div>\r\n<\/div>\r\n<\/div>\r\n<!--\/.Card-->\r\n\r\n<\/div>\r\n<!--Grid column-->\r\n\r\n<\/div>\r\n<!--\/Grid row-->\r\n\r\n<\/section>\r\n\r\n<hr \/>\r\n\r\n<!--Section: Business Intelligence-->\r\n\r\n<section>\r\n<h2 class=\"h1 text-center pt-3\" style=\"color: #216180;\">BUSINESS INTELLIGENCE<\/h2>\r\n<!--First row-->\r\n<div class=\"row features-small mb-5 mt-3 wow fadeIn\">\r\n\r\n<!--First column-->\r\n<div class=\"col-md-4\">\r\n\r\n<!--First row-->\r\n<div class=\"row\">\r\n<div class=\"col-2\"><\/div>\r\n<div class=\"col-10\">\r\n<h5 class=\"h6 feature-title\" style=\"color: #216180;\">FONTES DE DADOS<\/h5>\r\n<p class=\"\" style=\"font-size: 1.2em; font-weight: 400; color: #4f4f4f;\">Consulta de dados em diferentes fontes e formatos<\/p>\r\n\r\n<div style=\"height: 15px;\"><\/div>\r\n<\/div>\r\n<\/div>\r\n<!--\/First row-->\r\n\r\n<!--Second row-->\r\n<div class=\"row\">\r\n<div class=\"col-2\"><\/div>\r\n<div class=\"col-10\">\r\n<h5 class=\"h6 feature-title\" style=\"color: #216180;\">ORGANIZA\u00c7\u00c3O<\/h5>\r\n<p class=\"\" style=\"font-size: 1.2em; font-weight: 400; color: #4f4f4f;\">Prepara\u00e7\u00e3o da informa\u00e7\u00e3o compilada para an\u00e1lise<\/p>\r\n\r\n<div style=\"height: 15px;\"><\/div>\r\n<\/div>\r\n<\/div>\r\n<!--\/Second row-->\r\n\r\n<!--Third row-->\r\n<div class=\"row\">\r\n<div class=\"col-2\"><\/div>\r\n<div class=\"col-10\">\r\n<h5 class=\"h6 feature-title\" style=\"color: #216180;\">REPORTING<\/h5>\r\n<p class=\"\" style=\"font-size: 1.2em; font-weight: 400; color: #4f4f4f;\">Reporting com elementos gr\u00e1ficos e atualiza\u00e7\u00f5es em tempo real<\/p>\r\n\r\n<div style=\"height: 15px;\"><\/div>\r\n<\/div>\r\n<\/div>\r\n<!--\/Third row-->\r\n\r\n<\/div>\r\n<!--\/First column-->\r\n\r\n<!--Second column-->\r\n<div class=\"col-md-4 flex-center\"><img class=\"z-depth-0 img-fluid\" src=\"https:\/\/demo.projetodigital.pt\/biz\/wp-content\/uploads\/2019\/03\/cropped-Screen-Shot-2019-03-03-at-19.07.57-4.png\" alt=\"An\u00e1lise de Oportunidades\" \/><\/div>\r\n<!--\/Second column-->\r\n\r\n<!--Third column-->\r\n<div class=\"col-md-4 mt-2\">\r\n\r\n<!--First row-->\r\n<div class=\"row\">\r\n<div class=\"col-2\"><\/div>\r\n<div class=\"col-10\">\r\n<h5 class=\"h6 feature-title\" style=\"color: #216180;\">DISPON\u00cdVEL NA CLOUD<\/h5>\r\n<p class=\"\" style=\"font-size: 1.2em; font-weight: 400; color: #4f4f4f;\">Acesso a relat\u00f3rios online atrav\u00e9s de qualquer dispositivo<\/p>\r\n\r\n<div style=\"height: 15px;\"><\/div>\r\n<\/div>\r\n<\/div>\r\n<!--\/First row-->\r\n\r\n<!--Second row-->\r\n<div class=\"row\">\r\n<div class=\"col-2\"><\/div>\r\n<div class=\"col-10\">\r\n<h5 class=\"h6 feature-title\" style=\"color: #216180;\">PARTILHA ONLINE<\/h5>\r\n<p class=\"\" style=\"font-size: 1.2em; font-weight: 400; color: #4f4f4f;\">Partilhe dashboards e reports de forma segura<\/p>\r\n\r\n<div style=\"height: 15px;\"><\/div>\r\n<\/div>\r\n<\/div>\r\n<!--\/Second row-->\r\n\r\n<!--Third row-->\r\n<div class=\"row\">\r\n<div class=\"col-2\"><\/div>\r\n<div class=\"col-10\">\r\n<h5 class=\"h6 feature-title\" style=\"color: #216180;\">RELAT\u00d3RIOS<\/h5>\r\n<p class=\"\" style=\"font-size: 1.2em; font-weight: 400; color: #4f4f4f;\">Crie e descarregue relat\u00f3rios em formato pdf para an\u00e1lise<\/p>\r\n\r\n<div style=\"height: 15px;\"><\/div>\r\n<\/div>\r\n<\/div>\r\n<!--\/Third row-->\r\n\r\n<\/div>\r\n<!--\/Third column-->\r\n\r\n<\/div>\r\n<!--\/First row-->\r\n\r\n<\/section><!--Section: Business Intelligence-->\r\n\r\n<hr \/>\r\n\r\n<!-- Section Portfolio -->\r\n\r\n<section class=\"py-5\">\r\n<h2 class=\"h1-responsive text-center font-weight-bold mb-5\" style=\"color: #216180;\">RELAT\u00d3RIOS<\/h2>\r\n<!-- Section description -->\r\n<p class=\"grey-text text-center w-responsive mx-auto mb-5\" style=\"font-size: 1.2em;\">Relat\u00f3rios de acesso p\u00fablico com recurso ao google datastudio!<\/p>\r\n<!--First row-->\r\n<div class=\"row\">\r\n\r\n<!--First columnn-->\r\n<div class=\"col-lg-4\">\r\n\r\n<!--Card-->\r\n<div class=\"card wow fadeIn\" data-wow-delay=\"0.2s\">\r\n\r\n<!--Card image-->\r\n<img class=\"img-fluid\" src=\"https:\/\/demo.projetodigital.pt\/biz\/wp-content\/uploads\/2019\/03\/cropped-Screen-Shot-2019-03-03-at-20.09.37-1.png\" alt=\"Estat\u00edsticas Imobili\u00e1rias\" \/>\r\n\r\n<!--Card content-->\r\n<div class=\"card-body\">\r\n\r\n<!--Title-->\r\n<h4 class=\"card-title\">Estat\u00edsticas Imobili\u00e1rias<\/h4>\r\n<!--Text-->\r\n<p class=\"card-text\">Datastudio Report<\/p>\r\n<a class=\"btn btn-info\" href=\"https:\/\/datastudio.google.com\/u\/3\/reporting\/0B_yH3OMDgAwsVTZlUjhrcmkyNkU\/page\/L1Q\">Ver Relat\u00f3rio<\/a>\r\n\r\n<\/div>\r\n<\/div>\r\n<!--\/.Card-->\r\n\r\n<\/div>\r\n<!--First columnn-->\r\n\r\n<!--Second columnn-->\r\n<div class=\"col-lg-4\">\r\n\r\n<!--Card-->\r\n<div class=\"card wow fadeIn\" data-wow-delay=\"0.4s\">\r\n\r\n<!--Card image-->\r\n<img class=\"img-fluid\" src=\"https:\/\/demo.projetodigital.pt\/biz\/wp-content\/uploads\/2019\/03\/cropped-Screen-Shot-2019-03-03-at-20.10.52-1.png\" alt=\"Portdata\" \/>\r\n\r\n<!--Card content-->\r\n<div class=\"card-body\">\r\n\r\n<!--Title-->\r\n<h4 class=\"card-title\">Portdata<\/h4>\r\n<!--Text-->\r\n<p class=\"card-text\">Datastudio Report<\/p>\r\n<a class=\"btn btn-info\" href=\"https:\/\/datastudio.google.com\/u\/3\/reporting\/0B_yH3OMDgAwsY0dIZEtncW9SSVE\/page\/6zXD\">Ver Relat\u00f3rio<\/a>\r\n\r\n<\/div>\r\n<\/div>\r\n<!--\/.Card-->\r\n\r\n<\/div>\r\n<!--Second columnn-->\r\n\r\n<!--Third columnn-->\r\n<div class=\"col-lg-4\">\r\n\r\n<!--Card-->\r\n<div class=\"card wow fadeIn\" data-wow-delay=\"0.6s\">\r\n\r\n<!--Card image-->\r\n<img class=\"img-fluid\" src=\"https:\/\/demo.projetodigital.pt\/biz\/wp-content\/uploads\/2019\/03\/cropped-Screen-Shot-2019-03-03-at-20.11.32-1.png\" alt=\"Santa Maria da Feira\" \/>\r\n\r\n<!--Card content-->\r\n<div class=\"card-body\">\r\n\r\n<!--Title-->\r\n<h4 class=\"card-title\">Santa Maria da Feira<\/h4>\r\n<!--Text-->\r\n<p class=\"card-text\">Datastudio Report<\/p>\r\n<a class=\"btn btn-info\" href=\"https:\/\/datastudio.google.com\/u\/3\/reporting\/0B_yH3OMDgAwsWTJOVFJwVWdWeFU\/page\/cdWF\">Ver Relat\u00f3rio<\/a>\r\n\r\n<\/div>\r\n<\/div>\r\n<!--\/.Card-->\r\n\r\n<\/div>\r\n<!--Third columnn-->\r\n\r\n<\/div>\r\n<!--\/.First row-->\r\n<div class=\"my-5\"><\/div>\r\n<!--Second row-->\r\n<div class=\"row\">\r\n\r\n<!--First columnn-->\r\n<div class=\"col-lg-4\">\r\n\r\n<!--Card-->\r\n<div class=\"card wow fadeIn\" data-wow-delay=\"0.2s\">\r\n\r\n<!--Card image-->\r\n<img class=\"img-fluid\" src=\"https:\/\/demo.projetodigital.pt\/biz\/wp-content\/uploads\/2019\/03\/cropped-Screen-Shot-2019-03-03-at-19.22.30-1.png\" alt=\"Sacramento Real Estate\" \/>\r\n\r\n<!--Card content-->\r\n<div class=\"card-body\">\r\n\r\n<!--Title-->\r\n<h4 class=\"card-title\">Sacramento Real Estate<\/h4>\r\n<!--Text-->\r\n<p class=\"card-text\">Datastudio Report<\/p>\r\n<a class=\"btn btn-info\" href=\"https:\/\/datastudio.google.com\/u\/3\/reporting\/1th7xaT8Sa0CTONJPg-srgEOidVTpMwE_\/page\/6adM\">Ver Relat\u00f3rio<\/a>\r\n\r\n<\/div>\r\n<\/div>\r\n<!--\/.Card-->\r\n\r\n<\/div>\r\n<!--First columnn-->\r\n\r\n<!--Second columnn-->\r\n<div class=\"col-lg-4\">\r\n\r\n<!--Card-->\r\n<div class=\"card wow fadeIn\" data-wow-delay=\"0.4s\">\r\n\r\n<!--Card image-->\r\n<img class=\"img-fluid\" src=\"https:\/\/demo.projetodigital.pt\/biz\/wp-content\/uploads\/2019\/03\/cropped-Screen-Shot-2019-03-03-at-19.21.58.png\" alt=\"Product Analysis\" \/>\r\n\r\n<!--Card content-->\r\n<div class=\"card-body\">\r\n\r\n<!--Title-->\r\n<h4 class=\"card-title\">Product Analysis<\/h4>\r\n<!--Text-->\r\n<p class=\"card-text\">Datastudio Report<\/p>\r\n<a class=\"btn btn-info\" href=\"https:\/\/datastudio.google.com\/u\/3\/reporting\/1th7xaT8Sa0CTONJPg-srgEOidVTpMwE_\/page\/I6cM\">Ver relat\u00f3rio<\/a>\r\n\r\n<\/div>\r\n<\/div>\r\n<!--\/.Card-->\r\n\r\n<\/div>\r\n<!--Second columnn-->\r\n\r\n<!--Third columnn-->\r\n<div class=\"col-lg-4\">\r\n\r\n<!--Card-->\r\n<div class=\"card wow fadeIn\" data-wow-delay=\"0.6s\">\r\n\r\n<!--Card image-->\r\n<img class=\"img-fluid\" src=\"https:\/\/demo.projetodigital.pt\/biz\/wp-content\/uploads\/2019\/03\/cropped-Screen-Shot-2019-03-03-at-19.23.41.png\" alt=\"Sales Analysis\" \/>\r\n\r\n<!--Card content-->\r\n<div class=\"card-body\">\r\n\r\n<!--Title-->\r\n<h4 class=\"card-title\">Sales Analysis<\/h4>\r\n<!--Text-->\r\n<p class=\"card-text\">Datastudio Report<\/p>\r\n<a class=\"btn btn-info\" href=\"https:\/\/datastudio.google.com\/u\/3\/reporting\/1th7xaT8Sa0CTONJPg-srgEOidVTpMwE_\/page\/q3gM\">Ver relat\u00f3rio<\/a>\r\n\r\n<\/div>\r\n<\/div>\r\n<!--\/.Card-->\r\n\r\n<\/div>\r\n<!--Third columnn-->\r\n\r\n<\/div>\r\n<!--\/.Second row-->\r\n\r\n<\/section><!-- \/Section portfolio -->\r\n\r\n<hr class=\"my-5\" \/>\r\n\r\n<!-- Section: Testimonials -->\r\n\r\n<section class=\"text-center py-5\">\r\n<h2 class=\"h1-responsive font-weight-bold mb-5\" style=\"color: #216180;\">TESTEMUNHOS<\/h2>\r\n<!-- Section description -->\r\n<!--\r\n<p class=\"dark-grey-text w-responsive mx-auto mb-5\">O que dizem do BIZ!<\/p>\r\n-->\r\n<!-- Grid row -->\r\n<div class=\"row\">\r\n\r\n<!--Grid column-->\r\n<div class=\"col-lg-4 col-md-12 mb-lg-0 mb-4\">\r\n\r\n<!--Card-->\r\n<div class=\"card testimonial-card\">\r\n\r\n<!--Background color-->\r\n<div class=\"card-up\"><\/div>\r\n<!--Avatar-->\r\n<div class=\"avatar mx-auto white\"><img class=\"rounded-circle img-fluid\" src=\"https:\/\/demo.projetodigital.pt\/biz\/wp-content\/uploads\/2019\/03\/cropped-loft207-sq.jpg\" \/><\/div>\r\n<div class=\"card-body\">\r\n\r\n<!--Name-->\r\n<h4 class=\"font-weight-bold mb-4\">LOFT207<\/h4>\r\n\r\n<hr \/>\r\n\r\n<!--Quotation-->\r\n<p class=\"dark-grey-text mt-4\"><i class=\"fas fa-quote-left pr-2\"><\/i>Profissionais com dedica\u00e7\u00e3o e foco nos resultados. Hoje conhe\u00e7o bastante melhor o meu neg\u00f3cio!<\/p>\r\n\r\n<\/div>\r\n<\/div>\r\n<!--Card-->\r\n\r\n<\/div>\r\n<!--Grid column-->\r\n\r\n<!--Grid column-->\r\n<div class=\"col-lg-4 col-md-6 mb-md-0 mb-4\">\r\n\r\n<!--Card-->\r\n<div class=\"card testimonial-card\">\r\n\r\n<!--Background color-->\r\n<div class=\"card-up\"><\/div>\r\n<!--Avatar-->\r\n<div class=\"avatar mx-auto white\"><img class=\"rounded-circle img-fluid\" src=\"https:\/\/demo.projetodigital.pt\/biz\/wp-content\/uploads\/2019\/03\/curso-de-pastelaria-featured-site-image.jpg\" \/><\/div>\r\n<div class=\"card-body\">\r\n\r\n<!--Name-->\r\n<h4 class=\"font-weight-bold mb-4\">Alpina<\/h4>\r\n\r\n<hr \/>\r\n\r\n<!--Quotation-->\r\n<p class=\"dark-grey-text mt-4\"><i class=\"fas fa-quote-left pr-2\"><\/i>Excelentes profissionais, atentos e sempre prontos a melhorar a divulga\u00e7\u00e3o da marca para quem trabalham. Recomendo!<\/p>\r\n\r\n<\/div>\r\n<\/div>\r\n<!--Card-->\r\n\r\n<\/div>\r\n<!--Grid column-->\r\n\r\n<!--Grid column-->\r\n<div class=\"col-lg-4 col-md-6\">\r\n\r\n<!--Card-->\r\n<div class=\"card testimonial-card\">\r\n\r\n<!--Background color-->\r\n<div class=\"card-up\"><\/div>\r\n<!--Avatar-->\r\n<div class=\"avatar mx-auto white\"><img class=\"rounded-circle img-fluid\" src=\"https:\/\/demo.projetodigital.pt\/biz\/wp-content\/uploads\/2019\/03\/paulimiro-imobiliaria-logotype-web.jpg\" \/><\/div>\r\n<div class=\"card-body\">\r\n\r\n<!--Name-->\r\n<h4 class=\"font-weight-bold mb-4\">Paulimiro<\/h4>\r\n\r\n<hr \/>\r\n\r\n<!--Quotation-->\r\n<p class=\"dark-grey-text mt-4\"><i class=\"fas fa-quote-left pr-2\"><\/i>Conhe\u00e7o melhor hoje o meu neg\u00f3cio pois sei a origem dos visitantes ao site do meu neg\u00f3cio num click!<\/p>\r\n\r\n<\/div>\r\n<\/div>\r\n<!--Card-->\r\n\r\n<\/div>\r\n<!--Grid column-->\r\n\r\n<\/div>\r\n<!-- Grid row -->\r\n\r\n<\/section>\r\n\r\n<hr class=\"my-5\" \/>\r\n\r\n<!-- Section Blog -->\r\n\r\n<section class=\"text-center pt-5\">\r\n<h2 class=\"h1-responsive text-center font-weight-bold mb-5\" style=\"color: #216180;\">BLOG<\/h2>\r\n<!-- Section description -->\r\n<!--\r\n<p class=\"grey-text text-center w-responsive mx-auto mb-5\">Subscreva o nosso blog e fique a par de todas as not\u00edcias recentes!<\/p>\r\n-->\r\n<!--First row-->\r\n<div id=\"blog\" class=\"su-posts su-posts-default-loop\" style=\"display: inline-flex;\">\n\t<div class=\"row\">\n\n\t\n\t\t\t\n\n\t\t<div class=\"col-md-12 col-lg-4 mb-4\">\n\t\t\t<div id=\"su-post-1260\" class=\"card view overlay rounded z-depth-1 mb-4\">\n\n\t\t\t\t\t\t\t\t\t<img width=\"300\" height=\"177\" src=\"https:\/\/demo.projetodigital.pt\/biz\/wp-content\/uploads\/2019\/08\/absolukt-biz-banner-wide-preview-300x177.jpg\" class=\"f-img-loop wp-post-image\" alt=\"\" loading=\"lazy\" srcset=\"https:\/\/demo.projetodigital.pt\/biz\/wp-content\/uploads\/2019\/08\/absolukt-biz-banner-wide-preview-300x177.jpg 300w, https:\/\/demo.projetodigital.pt\/biz\/wp-content\/uploads\/2019\/08\/absolukt-biz-banner-wide-preview-768x453.jpg 768w, https:\/\/demo.projetodigital.pt\/biz\/wp-content\/uploads\/2019\/08\/absolukt-biz-banner-wide-preview-875x516.jpg 875w, https:\/\/demo.projetodigital.pt\/biz\/wp-content\/uploads\/2019\/08\/absolukt-biz-banner-wide-preview.jpg 960w\" sizes=\"(max-width: 300px) 100vw, 300px\" \/>\t\t\t\t\t<a href=\"https:\/\/demo.projetodigital.pt\/biz\/absolukt-biz-desktop-background\/\">\n\t\t\t\t\t<div class=\"mask rgba-white-strong\"><\/div>\n\t\t\t\t\t<\/a>\n\t\t\t\t\t\t\t\t\n\t\t\t\t<div class=\"card-body\">\n\t\t\t\t\t<h4 class=\"\"><a href=\"https:\/\/demo.projetodigital.pt\/biz\/absolukt-biz-desktop-background\/\">Absolukt Biz | Desktop Background<\/a><\/h4>\n\t\t\t\t\t<hr class=\"red-border\">\n\t\t\t\t\t<!-- <div class=\"su-post-meta\">\n\t\t\t\t\t\tPosted: 6 de Agosto, 2019\t\t\t\t\t<\/div> -->\n\n\t\t\t\t\t<div class=\"su-post-excerpt\">\n\t\t\t\t\t\tAbsolukt Biz | Desktop Background &#8211; Download Gratuito em formato 1920x1080px\t\t\t\t\t<\/div>\n\t\t\t\t\t<!-- <a class=\"btn btn-sm btn-red\" href=\"https:\/\/demo.projetodigital.pt\/biz\/absolukt-biz-desktop-background\/\">Saber mais<\/a> -->\n\t\t\t\t\t<!-- <a href=\"https:\/\/demo.projetodigital.pt\/biz\/absolukt-biz-desktop-background\/#respond\" class=\"su-post-comments-link\">0 comments<\/a> -->\n\t\t\t\t<\/div><!--\/card body-->\n\t\t\t<\/div><!--\/card-->\n\t\t<\/div><!--\/col-->\n\n\t\t\t\n\n\t\t<div class=\"col-md-12 col-lg-4 mb-4\">\n\t\t\t<div id=\"su-post-1023\" class=\"card view overlay rounded z-depth-1 mb-4\">\n\n\t\t\t\t\t\t\t\t\t<img width=\"300\" height=\"185\" src=\"https:\/\/demo.projetodigital.pt\/biz\/wp-content\/uploads\/2019\/06\/biz-reporting-e-business-intelligence-300x185.png\" class=\"f-img-loop wp-post-image\" alt=\"\" loading=\"lazy\" srcset=\"https:\/\/demo.projetodigital.pt\/biz\/wp-content\/uploads\/2019\/06\/biz-reporting-e-business-intelligence-300x185.png 300w, https:\/\/demo.projetodigital.pt\/biz\/wp-content\/uploads\/2019\/06\/biz-reporting-e-business-intelligence-768x475.png 768w, https:\/\/demo.projetodigital.pt\/biz\/wp-content\/uploads\/2019\/06\/biz-reporting-e-business-intelligence-1024x633.png 1024w, https:\/\/demo.projetodigital.pt\/biz\/wp-content\/uploads\/2019\/06\/biz-reporting-e-business-intelligence-835x516.png 835w, https:\/\/demo.projetodigital.pt\/biz\/wp-content\/uploads\/2019\/06\/biz-reporting-e-business-intelligence.png 1089w\" sizes=\"(max-width: 300px) 100vw, 300px\" \/>\t\t\t\t\t<a href=\"https:\/\/demo.projetodigital.pt\/biz\/google-ads-e-campanhas-ppc\/\">\n\t\t\t\t\t<div class=\"mask rgba-white-strong\"><\/div>\n\t\t\t\t\t<\/a>\n\t\t\t\t\t\t\t\t\n\t\t\t\t<div class=\"card-body\">\n\t\t\t\t\t<h4 class=\"\"><a href=\"https:\/\/demo.projetodigital.pt\/biz\/google-ads-e-campanhas-ppc\/\">Google Ads e Campanhas PPC<\/a><\/h4>\n\t\t\t\t\t<hr class=\"red-border\">\n\t\t\t\t\t<!-- <div class=\"su-post-meta\">\n\t\t\t\t\t\tPosted: 13 de Junho, 2019\t\t\t\t\t<\/div> -->\n\n\t\t\t\t\t<div class=\"su-post-excerpt\">\n\t\t\t\t\t\tA estrat\u00e9gia de comunica\u00e7\u00e3o e marketing das empresas \u00e9 hoje fundamental para alavancar oportunidades, notoriedade&#8230;\t\t\t\t\t<\/div>\n\t\t\t\t\t<!-- <a class=\"btn btn-sm btn-red\" href=\"https:\/\/demo.projetodigital.pt\/biz\/google-ads-e-campanhas-ppc\/\">Saber mais<\/a> -->\n\t\t\t\t\t<!-- <a href=\"https:\/\/demo.projetodigital.pt\/biz\/google-ads-e-campanhas-ppc\/#respond\" class=\"su-post-comments-link\">0 comments<\/a> -->\n\t\t\t\t<\/div><!--\/card body-->\n\t\t\t<\/div><!--\/card-->\n\t\t<\/div><!--\/col-->\n\n\t\t\t\n\n\t\t<div class=\"col-md-12 col-lg-4 mb-4\">\n\t\t\t<div id=\"su-post-797\" class=\"card view overlay rounded z-depth-1 mb-4\">\n\n\t\t\t\t\t\t\t\t\t<img width=\"300\" height=\"169\" src=\"https:\/\/demo.projetodigital.pt\/biz\/wp-content\/uploads\/2019\/05\/datasources-300x169.jpg\" class=\"f-img-loop wp-post-image\" alt=\"\" loading=\"lazy\" srcset=\"https:\/\/demo.projetodigital.pt\/biz\/wp-content\/uploads\/2019\/05\/datasources-300x169.jpg 300w, https:\/\/demo.projetodigital.pt\/biz\/wp-content\/uploads\/2019\/05\/datasources.jpg 638w\" sizes=\"(max-width: 300px) 100vw, 300px\" \/>\t\t\t\t\t<a href=\"https:\/\/demo.projetodigital.pt\/biz\/analise-todos-os-seus-kpis-num-so-lugar\/\">\n\t\t\t\t\t<div class=\"mask rgba-white-strong\"><\/div>\n\t\t\t\t\t<\/a>\n\t\t\t\t\t\t\t\t\n\t\t\t\t<div class=\"card-body\">\n\t\t\t\t\t<h4 class=\"\"><a href=\"https:\/\/demo.projetodigital.pt\/biz\/analise-todos-os-seus-kpis-num-so-lugar\/\">Analise todos os seus KPi\u00b4s num s\u00f3 lugar!<\/a><\/h4>\n\t\t\t\t\t<hr class=\"red-border\">\n\t\t\t\t\t<!-- <div class=\"su-post-meta\">\n\t\t\t\t\t\tPosted: 2 de Maio, 2019\t\t\t\t\t<\/div> -->\n\n\t\t\t\t\t<div class=\"su-post-excerpt\">\n\t\t\t\t\t\tVisualize todos os dados de desempenho\u00a0 num s\u00f3 lugar e assim poupe tempo na verifica\u00e7\u00e3o de dados&#8230;\t\t\t\t\t<\/div>\n\t\t\t\t\t<!-- <a class=\"btn btn-sm btn-red\" href=\"https:\/\/demo.projetodigital.pt\/biz\/analise-todos-os-seus-kpis-num-so-lugar\/\">Saber mais<\/a> -->\n\t\t\t\t\t<!-- <a href=\"https:\/\/demo.projetodigital.pt\/biz\/analise-todos-os-seus-kpis-num-so-lugar\/#respond\" class=\"su-post-comments-link\">0 comments<\/a> -->\n\t\t\t\t<\/div><!--\/card body-->\n\t\t\t<\/div><!--\/card-->\n\t\t<\/div><!--\/col-->\n\n\t\t\n\t\n<\/div>\n\r\n<!--\/col-->\r\n\r\n<\/section><\/div>","protected":false},"excerpt":{"rendered":"&nbsp; FUNCIONALIDADES Consulta e reporting de informa\u00e7\u00e3o num s\u00f3 lugar! Visualize as tend\u00eancias de desempenho, monitorize o progresso dos seus objetivos e KPI\u00b4s, tome decis\u00f5es mais assertivas, colabore, partilhe e fa\u00e7a relat\u00f3rios a qualquer momento. CONSULTA Recolha de informa\u00e7\u00e3o de v\u00e1rias fontes de dados ORGANIZA\u00c7\u00c3O Tratamento e organiza\u00e7\u00e3o de dados para an\u00e1lise AN\u00c1LISE Visualiza\u00e7\u00f5es gr\u00e1ficas [&hellip;]","protected":false},"author":2,"featured_media":0,"parent":0,"menu_order":0,"comment_status":"closed","ping_status":"closed","template":"","meta":[],"_links":{"self":[{"href":"https:\/\/demo.projetodigital.pt\/biz\/wp-json\/wp\/v2\/pages\/352"}],"collection":[{"href":"https:\/\/demo.projetodigital.pt\/biz\/wp-json\/wp\/v2\/pages"}],"about":[{"href":"https:\/\/demo.projetodigital.pt\/biz\/wp-json\/wp\/v2\/types\/page"}],"author":[{"embeddable":true,"href":"https:\/\/demo.projetodigital.pt\/biz\/wp-json\/wp\/v2\/users\/2"}],"replies":[{"embeddable":true,"href":"https:\/\/demo.projetodigital.pt\/biz\/wp-json\/wp\/v2\/comments?post=352"}],"version-history":[{"count":263,"href":"https:\/\/demo.projetodigital.pt\/biz\/wp-json\/wp\/v2\/pages\/352\/revisions"}],"predecessor-version":[{"id":1019,"href":"https:\/\/demo.projetodigital.pt\/biz\/wp-json\/wp\/v2\/pages\/352\/revisions\/1019"}],"wp:attachment":[{"href":"https:\/\/demo.projetodigital.pt\/biz\/wp-json\/wp\/v2\/media?parent=352"}],"curies":[{"name":"wp","href":"https:\/\/api.w.org\/{rel}","templated":true}]}}